{"id":10,"date":"2023-02-28T08:49:05","date_gmt":"2023-02-28T07:49:05","guid":{"rendered":"https:\/\/flora-apartmanok.hu\/?page_id=10"},"modified":"2023-03-01T09:03:14","modified_gmt":"2023-03-01T08:03:14","slug":"elerhetoseg","status":"publish","type":"page","link":"https:\/\/flora-apartmanok.hu\/?page_id=10","title":{"rendered":"El\u00e9rhet\u0151s\u00e9g"},"content":{"rendered":"\n<p>Sz\u00e1ll\u00e1sad\u00f3<\/p>\n\n\n\n<p>Cserveny-V\u00e1radi Fl\u00f3ra<\/p>\n\n\n\n<p><a href=\"tel:+36704191807\">+36 70 419 1807<\/a><br><br><\/p>\n\n\n\n<p><\/p>\n\n\n\n<p>Sz\u00e1ll\u00e1shely<\/p>\n\n\n\n<p>Fl\u00f3ra Apartmanok<\/p>\n\n\n\n<p><a href=\"https:\/\/www.google.com\/maps\/place\/Fl%C3%B3ra+Apartmanok\/@46.8415087,17.1146744,17z\/data=!3m1!4b1!4m6!3m5!1s0x47691f6c980199a7:0x790ee80a5de67955!8m2!3d46.8415051!4d17.1168631!16s%2Fg%2F11fzq0z0sf\" data-type=\"URL\" data-id=\"https:\/\/www.google.com\/maps\/place\/Fl%C3%B3ra+Apartmanok\/@46.8415087,17.1146744,17z\/data=!3m1!4b1!4m6!3m5!1s0x47691f6c980199a7:0x790ee80a5de67955!8m2!3d46.8415051!4d17.1168631!16s%2Fg%2F11fzq0z0sf\" target=\"_blank\" rel=\"noreferrer noopener\">8784 Kehidakust\u00e1ny, Hunyadi J\u00e1nos u. 38.<\/a><br><\/p>\n\n\n\n<p>E-mail: <a href=\"mailto:flora.apartmanok@gmail.com\">flora.apartmanok@gmail.com<\/a><\/p>\n\n\n\n<p>Facebook: <a href=\"https:\/\/www.facebook.com\/flora.apartmanok\/\" target=\"_blank\" rel=\"noreferrer noopener\">https:\/\/www.facebook.com\/flora.apartmanok\/<\/a><\/p>\n\n\n\n<p>Instagram: <a href=\"https:\/\/www.instagram.com\/floraapartmanok\/\" target=\"_blank\" rel=\"noreferrer noopener\">https:\/\/www.instagram.com\/floraapartmanok\/<\/a><\/p>\n\n\n\n<p>NTAK: MA22036564<\/p>\n","protected":false},"excerpt":{"rendered":"<p>Sz\u00e1ll\u00e1sad\u00f3 Cserveny-V\u00e1radi Fl\u00f3ra +36 70 419 1807 Sz\u00e1ll\u00e1shely Fl\u00f3ra Apartmanok 8784 Kehidakust\u00e1ny, Hunyadi J\u00e1nos u. 38. E-mail: flora.apartmanok@gmail.com Facebook: https:\/\/www.facebook.com\/flora.apartmanok\/ Instagram: https:\/\/www.instagram.com\/floraapartmanok\/ NTAK: MA22036564<\/p>\n","protected":false},"author":1,"featured_media":0,"parent":0,"menu_order":0,"comment_status":"closed","ping_status":"closed","template":"","meta":{"footnotes":""},"class_list":["post-10","page","type-page","status-publish","hentry"],"_links":{"self":[{"href":"https:\/\/flora-apartmanok.hu\/index.php?rest_route=\/wp\/v2\/pages\/10","targetHints":{"allow":["GET"]}}],"collection":[{"href":"https:\/\/flora-apartmanok.hu\/index.php?rest_route=\/wp\/v2\/pages"}],"about":[{"href":"https:\/\/flora-apartmanok.hu\/index.php?rest_route=\/wp\/v2\/types\/page"}],"author":[{"embeddable":true,"href":"https:\/\/flora-apartmanok.hu\/index.php?rest_route=\/wp\/v2\/users\/1"}],"replies":[{"embeddable":true,"href":"https:\/\/flora-apartmanok.hu\/index.php?rest_route=%2Fwp%2Fv2%2Fcomments&post=10"}],"version-history":[{"count":10,"href":"https:\/\/flora-apartmanok.hu\/index.php?rest_route=\/wp\/v2\/pages\/10\/revisions"}],"predecessor-version":[{"id":111,"href":"https:\/\/flora-apartmanok.hu\/index.php?rest_route=\/wp\/v2\/pages\/10\/revisions\/111"}],"wp:attachment":[{"href":"https:\/\/flora-apartmanok.hu\/index.php?rest_route=%2Fwp%2Fv2%2Fmedia&parent=10"}],"curies":[{"name":"wp","href":"https:\/\/api.w.org\/{rel}","templated":true}]}}