{"id":45,"date":"2023-02-28T09:46:15","date_gmt":"2023-02-28T08:46:15","guid":{"rendered":"https:\/\/flora-apartmanok.hu\/?page_id=45"},"modified":"2024-07-15T20:16:01","modified_gmt":"2024-07-15T18:16:01","slug":"araink","status":"publish","type":"page","link":"https:\/\/flora-apartmanok.hu\/?page_id=45","title":{"rendered":"\u00c1raink"},"content":{"rendered":"\n<p>(\u00c9rv\u00e9nyes 2024. 01. 01.-t\u0151l visszavon\u00e1sig)<\/p>\n\n\n\n<p>Apartman 1. <br>&#8211; 18.000 Ft\/ 2 f\u0151\/ \u00e9j<br>&#8211; 22.500 Ft\/ 3 f\u0151\/ \u00e9j<br>&#8211; 27.000 Ft\/ 4 f\u0151\/ \u00e9j<\/p>\n\n\n\n<p>Apartman 2. <br>&#8211; 18.000 Ft\/ 2 f\u0151\/ \u00e9j<br>&#8211; 22.500 Ft\/ 3 f\u0151\/ \u00e9j<br>&#8211; 27.000 Ft\/ 4 f\u0151\/ \u00e9j<\/p>\n\n\n\n<p>Apartman 3.<br>Jakuzzi haszn\u00e1lattal:<br>23.000 Ft\/ 2 f\u0151\/ \u00e9j<br>27.500 Ft\/ 3 f\u0151\/ \u00e9j<br>Jakuzzi haszn\u00e1lata n\u00e9lk\u00fcl:<br>18.000 Ft\/ 2 f\u0151\/ \u00e9j<br>22.500 Ft\/ 3 f\u0151\/ \u00e9j<\/p>\n\n\n\n<p><\/p>\n\n\n\n<p>5 \u00e9ves korig 2000 Ft\/ gyermek\/ \u00e9j<br>1 szem\u00e9lynek a mindenkori 2 \u00e1gyas \u00e1r 100%-\u00e1t sz\u00e1moljuk fel.<br>Az \u00e1rv\u00e1ltoz\u00e1s jog\u00e1t fenntartjuk!<\/p>\n\n\n\n<p>Apartmanjaink minimum 2 \u00e9jszak\u00e1ra foglalhat\u00f3k.<\/p>\n\n\n\n<p>\u00c1raink nem tartalmazz\u00e1k az Idegenforgalmi ad\u00f3t, melynek \u00f6sszege 400 Ft \/ f\u0151 \/ \u00e9jszaka.<br>Megfizet\u00e9se al\u00f3l mentes\u00fclnek a 18 \u00e9ven aluli szem\u00e9lyek.<\/p>\n\n\n\n<p>SZ\u00c9P k\u00e1rtya fizet\u00e9si lehet\u0151s\u00e9get tudunk biztos\u00edtani.<\/p>\n\n\n\n<figure class=\"wp-block-image size-full\"><img loading=\"lazy\" decoding=\"async\" width=\"334\" height=\"151\" src=\"https:\/\/flora-apartmanok.hu\/wp-content\/uploads\/2023\/07\/3kartya2.jpeg\" alt=\"\" class=\"wp-image-125\" srcset=\"https:\/\/flora-apartmanok.hu\/wp-content\/uploads\/2023\/07\/3kartya2.jpeg 334w, https:\/\/flora-apartmanok.hu\/wp-content\/uploads\/2023\/07\/3kartya2-300x136.jpeg 300w\" sizes=\"auto, (max-width: 334px) 100vw, 334px\" \/><\/figure>\n","protected":false},"excerpt":{"rendered":"<p>(\u00c9rv\u00e9nyes 2024. 01. 01.-t\u0151l visszavon\u00e1sig) Apartman 1. &#8211; 18.000 Ft\/ 2 f\u0151\/ \u00e9j&#8211; 22.500 Ft\/ 3 f\u0151\/ \u00e9j&#8211; 27.000 Ft\/ 4 f\u0151\/ \u00e9j Apartman 2. &#8211; 18.000 Ft\/ 2 f\u0151\/ \u00e9j&#8211; 22.500 Ft\/ 3 f\u0151\/ \u00e9j&#8211; 27.000 Ft\/ 4 f\u0151\/ \u00e9j Apartman 3.Jakuzzi haszn\u00e1lattal:23.000 Ft\/ 2 f\u0151\/ \u00e9j27.500 Ft\/ 3 f\u0151\/ \u00e9jJakuzzi haszn\u00e1lata n\u00e9lk\u00fcl:18.000 Ft\/ &hellip; <\/p>\n<p class=\"link-more\"><a href=\"https:\/\/flora-apartmanok.hu\/?page_id=45\" class=\"more-link\"><span class=\"screen-reader-text\">&#8222;\u00c1raink&#8221;<\/span> b\u0151vebben<\/a><\/p>\n","protected":false},"author":1,"featured_media":0,"parent":0,"menu_order":0,"comment_status":"closed","ping_status":"closed","template":"","meta":{"footnotes":""},"class_list":["post-45","page","type-page","status-publish","hentry"],"_links":{"self":[{"href":"https:\/\/flora-apartmanok.hu\/index.php?rest_route=\/wp\/v2\/pages\/45","targetHints":{"allow":["GET"]}}],"collection":[{"href":"https:\/\/flora-apartmanok.hu\/index.php?rest_route=\/wp\/v2\/pages"}],"about":[{"href":"https:\/\/flora-apartmanok.hu\/index.php?rest_route=\/wp\/v2\/types\/page"}],"author":[{"embeddable":true,"href":"https:\/\/flora-apartmanok.hu\/index.php?rest_route=\/wp\/v2\/users\/1"}],"replies":[{"embeddable":true,"href":"https:\/\/flora-apartmanok.hu\/index.php?rest_route=%2Fwp%2Fv2%2Fcomments&post=45"}],"version-history":[{"count":12,"href":"https:\/\/flora-apartmanok.hu\/index.php?rest_route=\/wp\/v2\/pages\/45\/revisions"}],"predecessor-version":[{"id":149,"href":"https:\/\/flora-apartmanok.hu\/index.php?rest_route=\/wp\/v2\/pages\/45\/revisions\/149"}],"wp:attachment":[{"href":"https:\/\/flora-apartmanok.hu\/index.php?rest_route=%2Fwp%2Fv2%2Fmedia&parent=45"}],"curies":[{"name":"wp","href":"https:\/\/api.w.org\/{rel}","templated":true}]}}