{"id":47,"date":"2023-02-28T09:47:37","date_gmt":"2023-02-28T08:47:37","guid":{"rendered":"https:\/\/flora-apartmanok.hu\/?page_id=47"},"modified":"2023-03-01T09:18:17","modified_gmt":"2023-03-01T08:18:17","slug":"foglalasi-feltetelek","status":"publish","type":"page","link":"https:\/\/flora-apartmanok.hu\/?page_id=47","title":{"rendered":"Foglal\u00e1si \u00e9s lemond\u00e1si felt\u00e9telek"},"content":{"rendered":"\n<p>A Fl\u00f3ra Apartmanok sz\u00e1ll\u00e1shely <strong>foglal\u00e1s<\/strong>t kiz\u00e1r\u00f3lag \u00edr\u00e1sban (e-mailben) fogad el.<\/p>\n\n\n\n<p>Aj\u00e1nlat vagy inform\u00e1ci\u00f3k\u00e9r\u00e9s c\u00e9lj\u00e1b\u00f3l az el\u00e9rhet\u0151s\u00e9geink:<\/p>\n\n\n\n<p><br>E-mail: <a href=\"mailto:flora.apartmanok@gmail.com\" target=\"_blank\" rel=\"noreferrer noopener\">flora.apartmanok@gmail.com<\/a><br>Telefon: <a href=\"tel:+36704191807\">+36 70 419 1807<\/a><\/p>\n\n\n\n<p><br>A foglal\u00e1sban megadott adatok helyess\u00e9ge a vend\u00e9g felel\u0151ss\u00e9ge. Vissza\u00e9l\u00e9sek elker\u00fcl\u00e9se v\u00e9gett, amennyiben a vend\u00e9g a foglal\u00e1sban megadott telefonsz\u00e1mon, ill. e-mail c\u00edmen nem el\u00e9rhet\u0151, vagy az el\u00e9rhet\u0151s\u00e9g helytelennek bizonyul, \u00e9s \u00edgy nincs lehet\u0151s\u00e9g a foglal\u00e1s jogszer\u0171s\u00e9g\u00e9nek meger\u0151s\u00edt\u00e9s\u00e9re, a Fl\u00f3ra Apartmanok fenntartja a foglal\u00e1s t\u00f6rl\u00e9s\u00e9nek jog\u00e1t, mellyel az elsz\u00e1ll\u00e1sol\u00e1sra vonatkoz\u00f3 jogig\u00e9ny is megsz\u0171nik.<\/p>\n\n\n\n<p>A foglal\u00e1s v\u00e9gleges\u00edt\u00e9s\u00e9hez el\u0151leg fizet\u00e9se sz\u00fcks\u00e9ges, melyet k\u00e9rj\u00fck a foglal\u00e1st\u00f3l sz\u00e1m\u00edtott 3 munkanapon bel\u00fcl \u00e1tutalni sz\u00edveskedjen a visszaigazol\u00e1sban megnevezett banksz\u00e1mlasz\u00e1mra. T\u00f6bb apartman foglal\u00e1sa eset\u00e9n az el\u0151leg apartmanonk\u00e9nt fizetend\u0151. A foglal\u00e1s akkor v\u00e1lik v\u00e9glegess\u00e9, ha az el\u0151leget megkaptuk, \u00e9s ezt e-mailben visszaigazoltuk! Az \u00e1tutal\u00e1s k\u00f6zlem\u00e9ny rovat\u00e1ba k\u00e9rj\u00fck felt\u00fcntetni a foglal\u00e1si nevet, valamint az \u00e9rkez\u00e9s napj\u00e1t, a pontos azonos\u00edt\u00e1s v\u00e9gett. Ennek hi\u00e1ny\u00e1ban nem tudjuk azonos\u00edtani a foglal\u00f3t, ilyen esetben az el\u0151leget visszautaljuk \u00e9s a foglal\u00e1st t\u00f6r\u00f6lj\u00fck. Az el\u0151leg \u00f6sszeg\u00e9nek m\u00e9rt\u00e9ke mindig a sz\u00e1ll\u00e1sd\u00edj v\u00e9g\u00f6sszeg\u00e9nek 30 %-a. Amennyiben a foglal\u00e1shoz tartoz\u00f3 el\u0151leg 3 banki munkanapon bel\u00fcl nem \u00e9rkezik meg a sz\u00e1ml\u00e1nkra, a foglal\u00e1st t\u00f6r\u00f6lj\u00fck!<\/p>\n\n\n\n<p>A sz\u00e1ll\u00e1sd\u00edj fennmarad\u00f3 r\u00e9sze a helysz\u00ednen, \u00e9rkez\u00e9skor , k\u00e9szp\u00e9nzben vagy utal\u00e1ssal fizetend\u0151!<br>Az el\u0151leg befizet\u00e9se ut\u00e1n, k\u00e9rem, k\u00fcldje el r\u00e9sz\u00fcnkre a sz\u00e1mla ki\u00e1ll\u00edt\u00e1s\u00e1hoz sz\u00fcks\u00e9ges adatokat:<br>\u2022 A foglal\u00f3 befizet\u0151j\u00e9nek a neve,<br>\u2022 Pontos lakc\u00edme,<br>\u2022 Ir\u00e1ny\u00edt\u00f3sz\u00e1ma<br>\u2022 Nemzetis\u00e9ge<br>\u2022 C\u00e9g eset\u00e9n ad\u00f3sz\u00e1ma<\/p>\n\n\n\n<p>A foglal\u00e1s beny\u00fajt\u00e1s\u00e1val a sz\u00e1ll\u00e1sfoglal\u00e1st lead\u00f3 vend\u00e9g elismeri, hogy a foglal\u00e1si \u00e9s lemond\u00e1si felt\u00e9teleket megismerte, \u00e9s azokat elfogadja!<\/p>\n\n\n\n<p><strong>Lemond\u00e1si, m\u00f3dos\u00edt\u00e1si felt\u00e9telek<\/strong><\/p>\n\n\n\n<p>A foglal\u00e1s az \u00e9rkez\u00e9s el\u0151tti 30 napot megel\u0151z\u0151en d\u00edjmentesen lemondhat\u00f3, m\u00f3dos\u00edthat\u00f3.<br>30 napon bel\u00fcl az el\u0151leg \u00f6sszege (30%) k\u00f6tb\u00e9rk\u00e9nt felsz\u00e1mol\u00e1sra ker\u00fcl lemond\u00e1s eset\u00e9n. A foglal\u00e1s m\u00f3dos\u00edt\u00e1sra ilyenkor m\u00e1r nincs lehet\u0151s\u00e9g.<\/p>\n","protected":false},"excerpt":{"rendered":"<p>A Fl\u00f3ra Apartmanok sz\u00e1ll\u00e1shely foglal\u00e1st kiz\u00e1r\u00f3lag \u00edr\u00e1sban (e-mailben) fogad el. Aj\u00e1nlat vagy inform\u00e1ci\u00f3k\u00e9r\u00e9s c\u00e9lj\u00e1b\u00f3l az el\u00e9rhet\u0151s\u00e9geink: E-mail: flora.apartmanok@gmail.comTelefon: +36 70 419 1807 A foglal\u00e1sban megadott adatok helyess\u00e9ge a vend\u00e9g felel\u0151ss\u00e9ge. Vissza\u00e9l\u00e9sek elker\u00fcl\u00e9se v\u00e9gett, amennyiben a vend\u00e9g a foglal\u00e1sban megadott telefonsz\u00e1mon, ill. e-mail c\u00edmen nem el\u00e9rhet\u0151, vagy az el\u00e9rhet\u0151s\u00e9g helytelennek bizonyul, \u00e9s \u00edgy nincs lehet\u0151s\u00e9g a &hellip; <\/p>\n<p class=\"link-more\"><a href=\"https:\/\/flora-apartmanok.hu\/?page_id=47\" class=\"more-link\"><span class=\"screen-reader-text\">&#8222;Foglal\u00e1si \u00e9s lemond\u00e1si felt\u00e9telek&#8221;<\/span> b\u0151vebben<\/a><\/p>\n","protected":false},"author":1,"featured_media":0,"parent":0,"menu_order":0,"comment_status":"closed","ping_status":"closed","template":"","meta":{"footnotes":""},"class_list":["post-47","page","type-page","status-publish","hentry"],"_links":{"self":[{"href":"https:\/\/flora-apartmanok.hu\/index.php?rest_route=\/wp\/v2\/pages\/47","targetHints":{"allow":["GET"]}}],"collection":[{"href":"https:\/\/flora-apartmanok.hu\/index.php?rest_route=\/wp\/v2\/pages"}],"about":[{"href":"https:\/\/flora-apartmanok.hu\/index.php?rest_route=\/wp\/v2\/types\/page"}],"author":[{"embeddable":true,"href":"https:\/\/flora-apartmanok.hu\/index.php?rest_route=\/wp\/v2\/users\/1"}],"replies":[{"embeddable":true,"href":"https:\/\/flora-apartmanok.hu\/index.php?rest_route=%2Fwp%2Fv2%2Fcomments&post=47"}],"version-history":[{"count":6,"href":"https:\/\/flora-apartmanok.hu\/index.php?rest_route=\/wp\/v2\/pages\/47\/revisions"}],"predecessor-version":[{"id":116,"href":"https:\/\/flora-apartmanok.hu\/index.php?rest_route=\/wp\/v2\/pages\/47\/revisions\/116"}],"wp:attachment":[{"href":"https:\/\/flora-apartmanok.hu\/index.php?rest_route=%2Fwp%2Fv2%2Fmedia&parent=47"}],"curies":[{"name":"wp","href":"https:\/\/api.w.org\/{rel}","templated":true}]}}