{"id":49,"date":"2023-02-28T09:50:00","date_gmt":"2023-02-28T08:50:00","guid":{"rendered":"https:\/\/flora-apartmanok.hu\/?page_id=49"},"modified":"2024-04-14T11:45:26","modified_gmt":"2024-04-14T09:45:26","slug":"hazirend","status":"publish","type":"page","link":"https:\/\/flora-apartmanok.hu\/?page_id=49","title":{"rendered":"H\u00e1zirend"},"content":{"rendered":"\n<p>A H\u00c1ZIREND az apartmanokban tart\u00f3zkod\u00f3 valamennyi vend\u00e9gre vonatkozik.<\/p>\n\n\n\n<p><br>1. Az apartmanok az \u00e9rkez\u00e9s napj\u00e1n 14 \u00f3r\u00e1t\u00f3l foglalhat\u00f3k el. A t\u00e1voz\u00e1s napj\u00e1n 10.00-ig sz\u00edveskedjenek elhagyni a sz\u00e1ll\u00e1shelyet, ellenkez\u0151 esetben fel\u00e1rat sz\u00e1molunk fel. A megadott \u00e9rkez\u00e9si\/elutaz\u00e1si id\u0151pontban a tulajdonos (sz\u00e1ll\u00e1sad\u00f3) jelen van.<\/p>\n\n\n\n<p>2. \u00c9rkez\u00e9skor minden vend\u00e9g (gyermekek is) k\u00f6teles a sz\u00e1ll\u00e1sad\u00f3nak \u00e1tadni adatfelv\u00e9tel c\u00e9lj\u00e1b\u00f3l a szem\u00e9lyes dokumentumait (\u00fatlev\u00e9l vagy szemelyi igazolv\u00e1ny) \u00e9s a helysz\u00ednen fizetend\u0151 \u00f6sszeget k\u00e9szp\u00e9nzben vagy utalva. Vend\u00e9geink a szob\u00e1kat csak a teljes r\u00e9szv\u00e9teli d\u00edj kifizet\u00e9se ut\u00e1n foglalhatj\u00e1k el! <\/p>\n\n\n\n<p>3. Az apartman v\u00e9gleges elhagy\u00e1sakor a kulcsokat k\u00e9rj\u00fck leadni a sz\u00e1ll\u00e1sad\u00f3 r\u00e9sz\u00e9re. A kulcsok esetleges elveszt\u00e9se eset\u00e9n a vend\u00e9gek k\u00f6telesek azt halad\u00e9ktalanul jelezni \u00e9s annak \u00e1r\u00e1t, illetve a z\u00e1rcser\u00e9t a sz\u00e1ll\u00e1sad\u00f3nak megt\u00e9r\u00edteni. <\/p>\n\n\n\n<p>4. A megegyezett id\u0151pont el\u0151tti elutaz\u00e1s eset\u00e9n sz\u00e1ll\u00e1sd\u00edjat nem t\u00e9r\u00edt\u00fcnk vissza. <\/p>\n\n\n\n<p>5. Az apartmanokat csak az el\u0151re egyeztetett l\u00e9tsz\u00e1mban vehetik ig\u00e9nybe a vend\u00e9gek. A sz\u00e1ll\u00e1sad\u00f3 jogosult &#8211; el\u0151zetes bejelent\u00e9s n\u00e9lk\u00fcl &#8211; ellen\u0151rizni, hogy a sz\u00e1ll\u00e1shelyen a fizetett l\u00e9tsz\u00e1mban tart\u00f3zkodnak-e a vend\u00e9gek. A sz\u00e1ll\u00e1shelyen a vend\u00e9geknek a tulajdonossal t\u00f6rt\u00e9n\u0151 egyeztet\u00e9s ut\u00e1n lehet\u0151s\u00e9g\u00fck van l\u00e1togat\u00f3k fogad\u00e1s\u00e1ra. A megbesz\u00e9lt id\u0151ponton t\u00fal marad\u00f3 l\u00e1togat\u00f3knak a mindenkori sz\u00e1ll\u00e1sd\u00edjat sz\u00e1moljuk fel.<\/p>\n\n\n\n<p>6. Csecsem\u0151 r\u00e9sz\u00e9re hordozhat\u00f3 kis\u00e1gyat, baba k\u00e1dat, kisgyermek r\u00e9sz\u00e9re etet\u0151sz\u00e9ket el\u0151zetes bejelent\u00e9sre tudunk biztos\u00edtani.    K\u00e9r\u00e9sre vasal\u00f3t, vasal\u00f3\u00e1llv\u00e1nyt, varr\u00f3k\u00e9szletet \u00e9s eserny\u0151t biztos\u00edtunk.  <\/p>\n\n\n\n<p>7. B\u00e1r nagyon szeretj\u00fck az \u00e1llatokat, de az apartmanokba \u00e9s a kertbe h\u00e1zi kedvenceket nem lehet hozni. Meg\u00e9rt\u00e9s\u00fcket k\u00f6sz\u00f6nj\u00fck. <\/p>\n\n\n\n<p>8. Az apartmanokat \u00e9s annak teljes felszerel\u00e9s\u00e9t, bele\u00e9rtve jakuzzit \u00e9s a j\u00e1tsz\u00f3teret is minden vend\u00e9g saj\u00e1t felel\u0151ss\u00e9g\u00e9re haszn\u00e1lhatja! A j\u00e1tsz\u00f3teret k\u00e9rj\u00fck csak gyermekek haszn\u00e1lj\u00e1k a sz\u00fcl\u0151 jelenl\u00e9te mellett vagy a sz\u00fcl\u0151 enged\u00e9ly\u00e9vel.<\/p>\n\n\n\n<p>9. A vend\u00e9g felel\u0151s a saj\u00e1t viselked\u00e9s\u00e9\u00e9rt a h\u00e1zban \u00e9s annak k\u00f6rny\u00e9k\u00e9n, az esetleges baleset\u00e9rt maga viseli a k\u00f6vetkezm\u00e9nyeket. <\/p>\n\n\n\n<p>10. A sz\u00e1ll\u00e1sad\u00f3 nem v\u00e1llal felel\u0151ss\u00e9get a nem rendeltet\u00e9sszer\u0171 haszn\u00e1latb\u00f3l ad\u00f3d\u00f3 esetleges anyagi k\u00e1rok\u00e9rt vagy balesetek\u00e9rt. A vend\u00e9gek \u00e1ltal a nem rendeltet\u00e9sszer\u0171 haszn\u00e1lattal okozott k\u00e1r\u00e9rt a vend\u00e9gek anyagi felel\u0151ss\u00e9ggel tartoznak, a k\u00e1rt k\u00f6zvetlen\u00fcl meg kell t\u00e9r\u00edteni a sz\u00e1ll\u00e1sad\u00f3nak. <\/p>\n\n\n\n<p>11. Amennyiben a tart\u00f3zkod\u00e1s alatt az apartmannal, szob\u00e1val kapcsolatban b\u00e1rmilyen probl\u00e9ma felmer\u00fcl, k\u00e9rj\u00fck, halad\u00e9ktalanul \u00e9rtes\u00edtse arr\u00f3l a sz\u00e1ll\u00e1sad\u00f3t. Ut\u00f3lagos reklam\u00e1ci\u00f3t nem \u00e1ll m\u00f3dunkban elfogadni! <\/p>\n\n\n\n<p>12. Minden apartmanban sz\u00e9f tal\u00e1lhat\u00f3, de a sz\u00e1ll\u00e1shelyen hagyott \u00e9rt\u00e9kek\u00e9rt a sz\u00e1ll\u00e1sad\u00f3 nem v\u00e1llal felel\u0151ss\u00e9get.<\/p>\n\n\n\n<p>13. A benti berendez\u00e9si t\u00e1rgyakat (\u00e1gy, \u00e1gynem\u0171, pl\u00e9d, asztalok, sz\u00e9kek, stb.) k\u00e9rj\u00fck, ne vigy\u00e9k ki a kertbe. Az apartmanban, szob\u00e1ban l\u00e9v\u0151 berendez\u00e9seket tilos \u00e1trendezni! <\/p>\n\n\n\n<p>14. A sz\u00e1ll\u00e1s ter\u00fclet\u00e9n okozott k\u00e1rt a k\u00e1rokoz\u00f3 vagy annak t\u00f6rv\u00e9nyes k\u00e9pvisel\u0151je k\u00f6teles megt\u00e9r\u00edteni. <\/p>\n\n\n\n<p>15.  Az apartmanokat hetente takar\u00edtjuk, t\u00f6r\u00f6lk\u00f6z\u0151t \u00e9s \u00e1gynem\u0171t hosszabb tart\u00f3zkod\u00e1s eset\u00e9n hetente cser\u00e9lj\u00fck. <\/p>\n\n\n\n<p>16. K\u00e9rj\u00fck, \u00fcgyeljenek a rendre \u00e9s a tisztas\u00e1gra. Elutaz\u00e1skor az apartmanban, szob\u00e1ban k\u00e9rj\u00fck, ne hagyjanak mosatlan ed\u00e9nyt, ill. szemetet. <\/p>\n\n\n\n<p>17. A szob\u00e1k elhagy\u00e1sakor, k\u00e9rj\u00fck z\u00e1rj\u00e1k el a vizet, villanyt, csukj\u00e1k be az ablakot, \u00e9s z\u00e1rj\u00e1k be az ajt\u00f3t! <\/p>\n\n\n\n<p>18. Az apartmanban doh\u00e1nyozni, valamint f\u00fcst\u00f6l\u0151t haszn\u00e1lni tilos! A doh\u00e1nyz\u00e1s a teraszokon, udvaron vagy a kapun\u00e1l, a kijel\u00f6lt helyen t\u00f6rt\u00e9nhet! K\u00e9rj\u00fck haszn\u00e1lj\u00e1k a hamut\u00e1lakat. <\/p>\n\n\n\n<p>19.  B\u00e1rmilyen eszk\u00f6z meghib\u00e1sod\u00e1sa eset\u00e9n igyekez\u00fcnk a hib\u00e1t min\u00e9l kor\u00e1bban kijav\u00edtani, de visszat\u00e9r\u00edt\u00e9st nem \u00e1ll m\u00f3dunkban ny\u00fajtani. <\/p>\n\n\n\n<p>20. A vend\u00e9g a sz\u00e1ll\u00e1shely udvari parkol\u00f3j\u00e1t d\u00edjmentesen haszn\u00e1lhatja. Az apartmanokhoz 1-1 aut\u00f3 d\u00edjmentes parkol\u00e1s\u00e1t tudjuk biztos\u00edtani. A parkol\u00f3helyek kamer\u00e1val megfigyeltek, de a g\u00e9pkocsikban\/j\u00e1rm\u0171vekben hagyott \u00e9rt\u00e9kek\u00e9rt, esetlegesen a g\u00e9pkocsikon\/j\u00e1rm\u0171vekben keletkezett k\u00e1rok\u00e9rt a sz\u00e1ll\u00e1sad\u00f3 felel\u0151ss\u00e9get nem v\u00e1llal.<\/p>\n\n\n\n<p>21. Vend\u00e9geink sz\u00e1m\u00e1ra bogr\u00e1csoz\u00e1si \u00e9s grillez\u00e9si lehet\u0151s\u00e9get biztos\u00edtunk udvarunkon. K\u00e9rj\u00fck ezen eszk\u00f6z\u00f6ket tiszt\u00e1n, eredeti \u00e1llapotuk szerint visszaadni. Sajnos, t\u0171zif\u00e1t, faszenet \u00e9s t\u0171zgy\u00fajt\u00e1shoz sz\u00fcks\u00e9ges eszk\u00f6z\u00f6ket nem tudunk k\u00edn\u00e1lni. A t\u00fczet ne hagyj\u00e1k \u0151rizetlen\u00fcl \u00e9s oda nem ill\u0151 t\u00e1rgyakat ne dobjanak a t\u0171zre. (pl.: \u00fcvegek, alum\u00ednium s\u00f6r\u00f6s doboz\u2026 Az apartmanba tilos bevinni b\u00e1rmif\u00e9le gy\u00fal\u00e9kony anyagot, eszk\u00f6zt (pl. gy\u00fajt\u00f3 folyad\u00e9k, benzin&#8230;)! <\/p>\n\n\n\n<p>23. \u00c9jszakai pihen\u0151 id\u0151szak 22 \u00f3r\u00e1t\u00f3l van. A pihen\u0151 ideje alatt mindenki sz\u00e1m\u00e1ra biztos\u00edtani kell a nyugodt pihen\u00e9shez val\u00f3 jogot!  <\/p>\n\n\n\n<p>24. Fontosnak tartjuk k\u00f6rnyezet\u00fcnk meg\u00f3v\u00e1s\u00e1t, ez\u00e9rt k\u00e9rj\u00fck az \u00fcres pet palackokat, aluminium dobozokat kimosva, \u00f6sszetaposva, valamint a pap\u00edrt a konyh\u00e1ban elhelyezett gy\u0171jt\u0151be elhelyezni. <\/p>\n\n\n\n<p>25. A tulajdonosnak jog\u00e1ban \u00e1ll lemondani a sz\u00e1ll\u00e1st, ha a vend\u00e9g nem tartja be a h\u00e1zirendet, ha megbontja a b\u00e9k\u00e9t. Ebben az esetben a vend\u00e9gnek nem \u00e1ll m\u00f3dunkban visszafizetni az esetlegesen fennmarad\u00f3 napokat. <\/p>\n\n\n\n<p>26.  24 \u00f3r\u00e1s \u00fcgyeleti szolg\u00e1ltat\u00e1s telefonon a +36704191807-es telefonsz\u00e1mon Cserveny-V\u00e1radi Fl\u00f3ra, sz\u00e1ll\u00e1sad\u00f3 \u00e9rhet\u0151 el.  <\/p>\n\n\n\n<p>A sz\u00e1ll\u00e1s ig\u00e9nybev\u00e9tel\u00e9vel mag\u00e1t\u00f3l \u00e9rtet\u0151dik, hogy a vend\u00e9g elolvasta, meg\u00e9rtette \u00e9s elfogadta a h\u00e1zirendben foglaltakat.<\/p>\n\n\n\n<p>Kellemes kikapcsol\u00f3d\u00e1st \u00e9s j\u00f3 pihen\u00e9st k\u00edv\u00e1nunk!<\/p>\n\n\n\n<p><\/p>\n\n\n\n<p>Kedves Vend\u00e9g\u00fcnk!<\/p>\n\n\n\n<p>2021. janu\u00e1r 1-\u00e9n hat\u00e1lyba l\u00e9pett a turisztikai t\u00e9rs\u00e9gek fejleszt\u00e9s\u00e9nek \u00e1llami feladatair\u00f3l sz\u00f3l\u00f3 2016.\u00e9vi CLVI. t\u00f6rv\u00e9ny m\u00f3dos\u00edt\u00e1sa, amely k\u00f6telezi a sz\u00e1ll\u00e1shely-szolg\u00e1ltat\u00f3t, hogy a sz\u00e1ll\u00e1shely-szolg\u00e1ltat\u00e1st ig\u00e9nybe vev\u0151k t\u00f6rv\u00e9nyben meghat\u00e1rozott adatait a Korm\u00e1ny \u00e1ltal kijel\u00f6lt t\u00e1rhelyszolg\u00e1ltat\u00f3 \u00e1ltal biztos\u00edtott t\u00e1rhelyen r\u00f6gz\u00edtse a t\u00f6rv\u00e9nyben meghat\u00e1rozott c\u00e9lb\u00f3l.<br>A fentiek \u00e9rtelm\u00e9ben 2021. szeptember 1-t\u0151l csak azon vend\u00e9geket fogadhatjuk sz\u00e1ll\u00e1shely\u00fcnk\u00f6n, akik \u00e9rv\u00e9nyes szem\u00e9lyazonos\u00edt\u00f3 okm\u00e1nnyal rendelkeznek:<\/p>\n\n\n\n<ul class=\"wp-block-list\">\n<li>szem\u00e9lyigazolv\u00e1ny<\/li>\n\n\n\n<li>vezet\u0151i enged\u00e9ly<\/li>\n\n\n\n<li>\u00fatlev\u00e9l<br><br>A fenti rendelkez\u00e9s a 18 \u00e9v alatti gyermekekre (O \u00e9ves kort\u00f3l) is \u00e9rv\u00e9nyes, \u00edgy k\u00e9rj\u00fck, hogy m\u00e9g indul\u00e1s el\u0151tt gy\u0151z\u0151dj\u00f6n meg r\u00f3la, hogy a gyerekek is rendelkeznek az utaz\u00e1shoz sz\u00fcks\u00e9ges okm\u00e1nyokkal. Az okm\u00e1nyokat a Vend\u00e9gh\u00e1zba \u00e9rkez\u00e9skor sz\u00fcks\u00e9ges bemutatni, \u00e9s az azokon szerepl\u0151 inform\u00e1ci\u00f3kat egy \u00fan. okm\u00e1nyolvas\u00f3 szkennerrel r\u00f6gz\u00edtj\u00fck a rendszer\u00fcnkben.<br>Az okm\u00e1ny bemutat\u00e1s\u00e1nak hi\u00e1ny\u00e1ban a sz\u00e1ll\u00e1shely-szolg\u00e1ltat\u00e1st k\u00f6telesek vagyunk megtagadni!<\/li>\n<\/ul>\n","protected":false},"excerpt":{"rendered":"<p>A H\u00c1ZIREND az apartmanokban tart\u00f3zkod\u00f3 valamennyi vend\u00e9gre vonatkozik. 1. Az apartmanok az \u00e9rkez\u00e9s napj\u00e1n 14 \u00f3r\u00e1t\u00f3l foglalhat\u00f3k el. A t\u00e1voz\u00e1s napj\u00e1n 10.00-ig sz\u00edveskedjenek elhagyni a sz\u00e1ll\u00e1shelyet, ellenkez\u0151 esetben fel\u00e1rat sz\u00e1molunk fel. A megadott \u00e9rkez\u00e9si\/elutaz\u00e1si id\u0151pontban a tulajdonos (sz\u00e1ll\u00e1sad\u00f3) jelen van. 2. \u00c9rkez\u00e9skor minden vend\u00e9g (gyermekek is) k\u00f6teles a sz\u00e1ll\u00e1sad\u00f3nak \u00e1tadni adatfelv\u00e9tel c\u00e9lj\u00e1b\u00f3l a szem\u00e9lyes dokumentumait &hellip; <\/p>\n<p class=\"link-more\"><a href=\"https:\/\/flora-apartmanok.hu\/?page_id=49\" class=\"more-link\"><span class=\"screen-reader-text\">&#8222;H\u00e1zirend&#8221;<\/span> b\u0151vebben<\/a><\/p>\n","protected":false},"author":1,"featured_media":0,"parent":0,"menu_order":0,"comment_status":"closed","ping_status":"closed","template":"","meta":{"footnotes":""},"class_list":["post-49","page","type-page","status-publish","hentry"],"_links":{"self":[{"href":"https:\/\/flora-apartmanok.hu\/index.php?rest_route=\/wp\/v2\/pages\/49","targetHints":{"allow":["GET"]}}],"collection":[{"href":"https:\/\/flora-apartmanok.hu\/index.php?rest_route=\/wp\/v2\/pages"}],"about":[{"href":"https:\/\/flora-apartmanok.hu\/index.php?rest_route=\/wp\/v2\/types\/page"}],"author":[{"embeddable":true,"href":"https:\/\/flora-apartmanok.hu\/index.php?rest_route=\/wp\/v2\/users\/1"}],"replies":[{"embeddable":true,"href":"https:\/\/flora-apartmanok.hu\/index.php?rest_route=%2Fwp%2Fv2%2Fcomments&post=49"}],"version-history":[{"count":6,"href":"https:\/\/flora-apartmanok.hu\/index.php?rest_route=\/wp\/v2\/pages\/49\/revisions"}],"predecessor-version":[{"id":141,"href":"https:\/\/flora-apartmanok.hu\/index.php?rest_route=\/wp\/v2\/pages\/49\/revisions\/141"}],"wp:attachment":[{"href":"https:\/\/flora-apartmanok.hu\/index.php?rest_route=%2Fwp%2Fv2%2Fmedia&parent=49"}],"curies":[{"name":"wp","href":"https:\/\/api.w.org\/{rel}","templated":true}]}}