{"id":9,"date":"2023-02-28T08:49:05","date_gmt":"2023-02-28T07:49:05","guid":{"rendered":"https:\/\/flora-apartmanok.hu\/?page_id=9"},"modified":"2025-06-13T12:24:05","modified_gmt":"2025-06-13T10:24:05","slug":"rolunk","status":"publish","type":"page","link":"https:\/\/flora-apartmanok.hu\/?page_id=9","title":{"rendered":"Apartmanok"},"content":{"rendered":"\n<p><strong>Apartman 1. <\/strong><\/p>\n\n\n\n<p>51 nm (max. 4 f\u0151+1 p\u00f3t\u00e1gy gyermeknek)<br>Francia\u00e1gy (160&#215;200 cm) &#8211; 2 f\u0151 r\u00e9sz\u00e9re<br>Kanap\u00e9 (fekv\u0151fel\u00fclet 140&#215;200 cm) &#8211; 2 f\u0151 r\u00e9sz\u00e9re<br>J\u00f3l felszerelt t\u00e1gas konyha<br>Zuhanyoz\u00f3s f\u00fcrd\u0151szoba Wc-vel<br>Saj\u00e1t terasz asztallal, padokkal<br>Grillez\u00e9si, bogr\u00e1csoz\u00e1si lehet\u0151s\u00e9g a kertben<br>Ingyenes Wifi, tv idegen nyelv\u0171 csatorn\u00e1kkal is<\/p>\n\n\n\n<figure class=\"wp-block-gallery has-nested-images columns-default is-cropped wp-block-gallery-1 is-layout-flex wp-block-gallery-is-layout-flex\">\n<figure class=\"wp-block-image size-large\"><a href=\"https:\/\/flora-apartmanok.hu\/wp-content\/uploads\/2023\/02\/apartman-1-scaled.jpg\" target=\"_blank\" rel=\"noreferrer noopener\"><img loading=\"lazy\" decoding=\"async\" width=\"1024\" height=\"768\" data-id=\"36\" src=\"https:\/\/flora-apartmanok.hu\/wp-content\/uploads\/2023\/02\/apartman-1-1024x768.jpg\" alt=\"\" class=\"wp-image-36\" srcset=\"https:\/\/flora-apartmanok.hu\/wp-content\/uploads\/2023\/02\/apartman-1-1024x768.jpg 1024w, https:\/\/flora-apartmanok.hu\/wp-content\/uploads\/2023\/02\/apartman-1-300x225.jpg 300w, https:\/\/flora-apartmanok.hu\/wp-content\/uploads\/2023\/02\/apartman-1-768x576.jpg 768w, https:\/\/flora-apartmanok.hu\/wp-content\/uploads\/2023\/02\/apartman-1-1536x1152.jpg 1536w, https:\/\/flora-apartmanok.hu\/wp-content\/uploads\/2023\/02\/apartman-1-2048x1536.jpg 2048w\" sizes=\"auto, (max-width: 767px) 89vw, (max-width: 1000px) 54vw, (max-width: 1071px) 543px, 580px\" \/><\/a><\/figure>\n\n\n\n<figure class=\"wp-block-image size-large\"><a href=\"https:\/\/flora-apartmanok.hu\/wp-content\/uploads\/2023\/02\/apartman-1-konyha-scaled.jpg\" target=\"_blank\" rel=\"noreferrer noopener\"><img loading=\"lazy\" decoding=\"async\" width=\"1024\" height=\"768\" data-id=\"78\" src=\"https:\/\/flora-apartmanok.hu\/wp-content\/uploads\/2023\/02\/apartman-1-konyha-1024x768.jpg\" alt=\"\" class=\"wp-image-78\" srcset=\"https:\/\/flora-apartmanok.hu\/wp-content\/uploads\/2023\/02\/apartman-1-konyha-1024x768.jpg 1024w, https:\/\/flora-apartmanok.hu\/wp-content\/uploads\/2023\/02\/apartman-1-konyha-300x225.jpg 300w, https:\/\/flora-apartmanok.hu\/wp-content\/uploads\/2023\/02\/apartman-1-konyha-768x576.jpg 768w, https:\/\/flora-apartmanok.hu\/wp-content\/uploads\/2023\/02\/apartman-1-konyha-1536x1152.jpg 1536w, https:\/\/flora-apartmanok.hu\/wp-content\/uploads\/2023\/02\/apartman-1-konyha-2048x1536.jpg 2048w\" sizes=\"auto, (max-width: 767px) 89vw, (max-width: 1000px) 54vw, (max-width: 1071px) 543px, 580px\" \/><\/a><\/figure>\n\n\n\n<figure class=\"wp-block-image size-large\"><a href=\"https:\/\/flora-apartmanok.hu\/wp-content\/uploads\/2023\/02\/apartman-1-terasz-scaled.jpg\" target=\"_blank\" rel=\"noreferrer noopener\"><img loading=\"lazy\" decoding=\"async\" width=\"1024\" height=\"768\" data-id=\"79\" src=\"https:\/\/flora-apartmanok.hu\/wp-content\/uploads\/2023\/02\/apartman-1-terasz-1024x768.jpg\" alt=\"\" class=\"wp-image-79\" srcset=\"https:\/\/flora-apartmanok.hu\/wp-content\/uploads\/2023\/02\/apartman-1-terasz-1024x768.jpg 1024w, https:\/\/flora-apartmanok.hu\/wp-content\/uploads\/2023\/02\/apartman-1-terasz-300x225.jpg 300w, https:\/\/flora-apartmanok.hu\/wp-content\/uploads\/2023\/02\/apartman-1-terasz-768x576.jpg 768w, https:\/\/flora-apartmanok.hu\/wp-content\/uploads\/2023\/02\/apartman-1-terasz-1536x1152.jpg 1536w, https:\/\/flora-apartmanok.hu\/wp-content\/uploads\/2023\/02\/apartman-1-terasz-2048x1536.jpg 2048w\" sizes=\"auto, (max-width: 767px) 89vw, (max-width: 1000px) 54vw, (max-width: 1071px) 543px, 580px\" \/><\/a><\/figure>\n<\/figure>\n\n\n\n<p><strong>Apartman 2.<\/strong> <\/p>\n\n\n\n<p>34 nm (max. 4 f\u0151+1 p\u00f3t\u00e1gy gyermeknek)<br>Francia\u00e1gy (160&#215;200 cm) &#8211; 2 f\u0151 r\u00e9sz\u00e9re<br>Kanap\u00e9 (fekv\u0151fel\u00fclet 140&#215;190 cm) &#8211; 2 f\u0151 r\u00e9sz\u00e9re<br>J\u00f3l felszerelt konyha<br>Zuhanyz\u00f3s f\u00fcrd\u0151szoba Wc-vel<br>Saj\u00e1t terasz asztallal, padokkal.<br>Grillez\u00e9si \u00e9s bogr\u00e1csoz\u00e1si lehet\u0151s\u00e9g a kertben<br>Ingyen wifi, tv k\u00fclf\u00f6ldi csatorn\u00e1kkal is<\/p>\n\n\n\n<figure class=\"wp-block-gallery has-nested-images columns-default is-cropped wp-block-gallery-2 is-layout-flex wp-block-gallery-is-layout-flex\">\n<figure class=\"wp-block-image size-large\"><a href=\"https:\/\/flora-apartmanok.hu\/wp-content\/uploads\/2023\/02\/apartman-2-scaled.jpg\" target=\"_blank\" rel=\"noreferrer noopener\"><img loading=\"lazy\" decoding=\"async\" width=\"1024\" height=\"768\" data-id=\"38\" src=\"https:\/\/flora-apartmanok.hu\/wp-content\/uploads\/2023\/02\/apartman-2-1024x768.jpg\" alt=\"\" class=\"wp-image-38\" srcset=\"https:\/\/flora-apartmanok.hu\/wp-content\/uploads\/2023\/02\/apartman-2-1024x768.jpg 1024w, https:\/\/flora-apartmanok.hu\/wp-content\/uploads\/2023\/02\/apartman-2-300x225.jpg 300w, https:\/\/flora-apartmanok.hu\/wp-content\/uploads\/2023\/02\/apartman-2-768x576.jpg 768w, https:\/\/flora-apartmanok.hu\/wp-content\/uploads\/2023\/02\/apartman-2-1536x1152.jpg 1536w, https:\/\/flora-apartmanok.hu\/wp-content\/uploads\/2023\/02\/apartman-2-2048x1536.jpg 2048w\" sizes=\"auto, (max-width: 767px) 89vw, (max-width: 1000px) 54vw, (max-width: 1071px) 543px, 580px\" \/><\/a><\/figure>\n\n\n\n<figure class=\"wp-block-image size-large\"><a href=\"https:\/\/flora-apartmanok.hu\/wp-content\/uploads\/2023\/02\/apartman-2-konyha-scaled.jpg\" target=\"_blank\" rel=\"noreferrer noopener\"><img loading=\"lazy\" decoding=\"async\" width=\"1024\" height=\"768\" data-id=\"80\" src=\"https:\/\/flora-apartmanok.hu\/wp-content\/uploads\/2023\/02\/apartman-2-konyha-1024x768.jpg\" alt=\"\" class=\"wp-image-80\" srcset=\"https:\/\/flora-apartmanok.hu\/wp-content\/uploads\/2023\/02\/apartman-2-konyha-1024x768.jpg 1024w, https:\/\/flora-apartmanok.hu\/wp-content\/uploads\/2023\/02\/apartman-2-konyha-300x225.jpg 300w, https:\/\/flora-apartmanok.hu\/wp-content\/uploads\/2023\/02\/apartman-2-konyha-768x576.jpg 768w, https:\/\/flora-apartmanok.hu\/wp-content\/uploads\/2023\/02\/apartman-2-konyha-1536x1152.jpg 1536w, https:\/\/flora-apartmanok.hu\/wp-content\/uploads\/2023\/02\/apartman-2-konyha-2048x1536.jpg 2048w\" sizes=\"auto, (max-width: 767px) 89vw, (max-width: 1000px) 54vw, (max-width: 1071px) 543px, 580px\" \/><\/a><\/figure>\n\n\n\n<figure class=\"wp-block-image size-large\"><a href=\"https:\/\/flora-apartmanok.hu\/wp-content\/uploads\/2023\/02\/cropped-haz_index-scaled-1.jpg\" target=\"_blank\" rel=\"noreferrer noopener\"><img loading=\"lazy\" decoding=\"async\" width=\"1024\" height=\"614\" data-id=\"29\" src=\"https:\/\/flora-apartmanok.hu\/wp-content\/uploads\/2023\/02\/cropped-haz_index-scaled-1-1024x614.jpg\" alt=\"\" class=\"wp-image-29\" srcset=\"https:\/\/flora-apartmanok.hu\/wp-content\/uploads\/2023\/02\/cropped-haz_index-scaled-1-1024x614.jpg 1024w, https:\/\/flora-apartmanok.hu\/wp-content\/uploads\/2023\/02\/cropped-haz_index-scaled-1-300x180.jpg 300w, https:\/\/flora-apartmanok.hu\/wp-content\/uploads\/2023\/02\/cropped-haz_index-scaled-1-768x460.jpg 768w, https:\/\/flora-apartmanok.hu\/wp-content\/uploads\/2023\/02\/cropped-haz_index-scaled-1-1536x921.jpg 1536w, https:\/\/flora-apartmanok.hu\/wp-content\/uploads\/2023\/02\/cropped-haz_index-scaled-1.jpg 2000w\" sizes=\"auto, (max-width: 767px) 89vw, (max-width: 1000px) 54vw, (max-width: 1071px) 543px, 580px\" \/><\/a><\/figure>\n<\/figure>\n\n\n\n<p><strong>Apartman 3.<\/strong> <\/p>\n\n\n\n<p>29 nm (max. 2 f\u0151+ 1 gyermek)<br>Ehhez az apartmanhoz tartoz\u00f3 priv\u00e1t jakuzzi (lehet a haszn\u00e1lata n\u00e9lk\u00fcl is foglalni)<br>Francia\u00e1gy(160&#215;200 cm) &#8211; 2 f\u0151 r\u00e9sz\u00e9re<br>Kanap\u00e9 (fekv\u0151fel\u00fclet 140&#215;200 cm)- 1 f\u0151 r\u00e9sz\u00e9re<br>J\u00f3l felszerelt konyha<br>Zuhanyz\u00f3s f\u00fcrd\u0151szoba Wc-vel<br>Saj\u00e1t terasz asztallal, padokkal.<br>Grillez\u00e9si \u00e9s bogr\u00e1csoz\u00e1si lehet\u0151s\u00e9g a kertben<br>Ingyen wifi, tv k\u00fclf\u00f6ldi csatorn\u00e1kkal is<\/p>\n\n\n\n<figure class=\"wp-block-gallery has-nested-images columns-default is-cropped wp-block-gallery-3 is-layout-flex wp-block-gallery-is-layout-flex\">\n<figure class=\"wp-block-image size-large\"><a href=\"https:\/\/flora-apartmanok.hu\/wp-content\/uploads\/2023\/02\/apartman-3-scaled.jpg\" target=\"_blank\" rel=\"noreferrer noopener\"><img loading=\"lazy\" decoding=\"async\" width=\"1024\" height=\"768\" data-id=\"43\" src=\"https:\/\/flora-apartmanok.hu\/wp-content\/uploads\/2023\/02\/apartman-3-1024x768.jpg\" alt=\"\" class=\"wp-image-43\" srcset=\"https:\/\/flora-apartmanok.hu\/wp-content\/uploads\/2023\/02\/apartman-3-1024x768.jpg 1024w, https:\/\/flora-apartmanok.hu\/wp-content\/uploads\/2023\/02\/apartman-3-300x225.jpg 300w, https:\/\/flora-apartmanok.hu\/wp-content\/uploads\/2023\/02\/apartman-3-768x576.jpg 768w, https:\/\/flora-apartmanok.hu\/wp-content\/uploads\/2023\/02\/apartman-3-1536x1152.jpg 1536w, https:\/\/flora-apartmanok.hu\/wp-content\/uploads\/2023\/02\/apartman-3-2048x1536.jpg 2048w\" sizes=\"auto, (max-width: 767px) 89vw, (max-width: 1000px) 54vw, (max-width: 1071px) 543px, 580px\" \/><\/a><\/figure>\n\n\n\n<figure class=\"wp-block-image size-large\"><a href=\"https:\/\/flora-apartmanok.hu\/wp-content\/uploads\/2023\/02\/apartman-3-konyha-scaled.jpg\" target=\"_blank\" rel=\"noreferrer noopener\"><img loading=\"lazy\" decoding=\"async\" width=\"1024\" height=\"768\" data-id=\"81\" src=\"https:\/\/flora-apartmanok.hu\/wp-content\/uploads\/2023\/02\/apartman-3-konyha-1024x768.jpg\" alt=\"\" class=\"wp-image-81\" srcset=\"https:\/\/flora-apartmanok.hu\/wp-content\/uploads\/2023\/02\/apartman-3-konyha-1024x768.jpg 1024w, https:\/\/flora-apartmanok.hu\/wp-content\/uploads\/2023\/02\/apartman-3-konyha-300x225.jpg 300w, https:\/\/flora-apartmanok.hu\/wp-content\/uploads\/2023\/02\/apartman-3-konyha-768x576.jpg 768w, https:\/\/flora-apartmanok.hu\/wp-content\/uploads\/2023\/02\/apartman-3-konyha-1536x1152.jpg 1536w, https:\/\/flora-apartmanok.hu\/wp-content\/uploads\/2023\/02\/apartman-3-konyha-2048x1536.jpg 2048w\" sizes=\"auto, (max-width: 767px) 89vw, (max-width: 1000px) 54vw, (max-width: 1071px) 543px, 580px\" \/><\/a><\/figure>\n\n\n\n<figure class=\"wp-block-image size-full\"><a href=\"https:\/\/flora-apartmanok.hu\/wp-content\/uploads\/2024\/07\/5E9wm7SU.jpeg\" target=\"_blank\" rel=\"noreferrer noopener\"><img loading=\"lazy\" decoding=\"async\" width=\"1024\" height=\"576\" data-id=\"150\" src=\"https:\/\/flora-apartmanok.hu\/wp-content\/uploads\/2024\/07\/5E9wm7SU.jpeg\" alt=\"\" class=\"wp-image-150\" srcset=\"https:\/\/flora-apartmanok.hu\/wp-content\/uploads\/2024\/07\/5E9wm7SU.jpeg 1024w, https:\/\/flora-apartmanok.hu\/wp-content\/uploads\/2024\/07\/5E9wm7SU-300x169.jpeg 300w, https:\/\/flora-apartmanok.hu\/wp-content\/uploads\/2024\/07\/5E9wm7SU-768x432.jpeg 768w\" sizes=\"auto, (max-width: 767px) 89vw, (max-width: 1000px) 54vw, (max-width: 1071px) 543px, 580px\" \/><\/a><\/figure>\n<\/figure>\n\n\n\n<p><\/p>\n","protected":false},"excerpt":{"rendered":"<p>Apartman 1. 51 nm (max. 4 f\u0151+1 p\u00f3t\u00e1gy gyermeknek)Francia\u00e1gy (160&#215;200 cm) &#8211; 2 f\u0151 r\u00e9sz\u00e9reKanap\u00e9 (fekv\u0151fel\u00fclet 140&#215;200 cm) &#8211; 2 f\u0151 r\u00e9sz\u00e9reJ\u00f3l felszerelt t\u00e1gas konyhaZuhanyoz\u00f3s f\u00fcrd\u0151szoba Wc-velSaj\u00e1t terasz asztallal, padokkalGrillez\u00e9si, bogr\u00e1csoz\u00e1si lehet\u0151s\u00e9g a kertbenIngyenes Wifi, tv idegen nyelv\u0171 csatorn\u00e1kkal is Apartman 2. 34 nm (max. 4 f\u0151+1 p\u00f3t\u00e1gy gyermeknek)Francia\u00e1gy (160&#215;200 cm) &#8211; 2 f\u0151 r\u00e9sz\u00e9reKanap\u00e9 &hellip; <\/p>\n<p class=\"link-more\"><a href=\"https:\/\/flora-apartmanok.hu\/?page_id=9\" class=\"more-link\"><span class=\"screen-reader-text\">&#8222;Apartmanok&#8221;<\/span> b\u0151vebben<\/a><\/p>\n","protected":false},"author":1,"featured_media":0,"parent":0,"menu_order":0,"comment_status":"closed","ping_status":"closed","template":"","meta":{"footnotes":""},"class_list":["post-9","page","type-page","status-publish","hentry"],"_links":{"self":[{"href":"https:\/\/flora-apartmanok.hu\/index.php?rest_route=\/wp\/v2\/pages\/9","targetHints":{"allow":["GET"]}}],"collection":[{"href":"https:\/\/flora-apartmanok.hu\/index.php?rest_route=\/wp\/v2\/pages"}],"about":[{"href":"https:\/\/flora-apartmanok.hu\/index.php?rest_route=\/wp\/v2\/types\/page"}],"author":[{"embeddable":true,"href":"https:\/\/flora-apartmanok.hu\/index.php?rest_route=\/wp\/v2\/users\/1"}],"replies":[{"embeddable":true,"href":"https:\/\/flora-apartmanok.hu\/index.php?rest_route=%2Fwp%2Fv2%2Fcomments&post=9"}],"version-history":[{"count":17,"href":"https:\/\/flora-apartmanok.hu\/index.php?rest_route=\/wp\/v2\/pages\/9\/revisions"}],"predecessor-version":[{"id":205,"href":"https:\/\/flora-apartmanok.hu\/index.php?rest_route=\/wp\/v2\/pages\/9\/revisions\/205"}],"wp:attachment":[{"href":"https:\/\/flora-apartmanok.hu\/index.php?rest_route=%2Fwp%2Fv2%2Fmedia&parent=9"}],"curies":[{"name":"wp","href":"https:\/\/api.w.org\/{rel}","templated":true}]}}